{"id":30,"date":"2024-05-01T15:53:34","date_gmt":"2024-05-01T13:53:34","guid":{"rendered":"https:\/\/chirurgie-satzinger.at\/?page_id=30"},"modified":"2024-08-22T19:05:25","modified_gmt":"2024-08-22T17:05:25","slug":"ein-herzliches-willkommenin-meiner-wahlarzt-ordination","status":"publish","type":"page","link":"https:\/\/chirurgie-satzinger.at\/","title":{"rendered":"Chirurgie Dr. Satzinger"},"content":{"rendered":"\n<figure class=\"wp-block-image size-full is-resized\"><img loading=\"lazy\" decoding=\"async\" width=\"567\" height=\"154\" src=\"https:\/\/chirurgie-satzinger.at\/wp-content\/uploads\/2024\/05\/start01.jpg\" alt=\"\" class=\"wp-image-47\" style=\"width:620px;height:auto\"\/><\/figure>\n\n\n\n<h3 class=\"wp-block-heading has-text-align-right\"><mark style=\"background-color:rgba(0, 0, 0, 0);color:#e60606\" class=\"has-inline-color\">Ein herzliches Willkommen <br>in meiner Wahlarzt-Ordination !<\/mark><\/h3>\n\n\n\n<p>Viele Menschen mit Problemen ihrer \u201eKehrseite\u201c scheuen sich, einen Arzt aufzusuchen.<br>F\u00fcr mich geh\u00f6rt die Besch\u00e4ftigung mit eben diesen \u201eKehrseiten\u201c schon seit mehr als drei Jahrzehnten zu meinem t\u00e4glichen Brot.<br>Und ich nehme mir gerne Zeit &#8211; auch f\u00fcr Sie.<\/p>\n\n\n\n<p>Allgemeine Informationen zu meiner Ordination finden Sie <a href=\"https:\/\/chirurgie-satzinger.at\/index.php\/informationen\/\" data-type=\"page\" data-id=\"38\"><strong><mark style=\"background-color:rgba(0, 0, 0, 0)\" class=\"has-inline-color has-custom-farbe-dunkelrot-color\">hier<\/mark><\/strong><\/a>.<\/p>\n\n\n\n<div class=\"wp-block-columns is-layout-flex wp-container-core-columns-is-layout-28f84493 wp-block-columns-is-layout-flex\">\n<div class=\"wp-block-column is-layout-flow wp-block-column-is-layout-flow\" style=\"flex-basis:66.66%\">\n<p>Meine <strong><a href=\"https:\/\/chirurgie-satzinger.at\/index.php\/schwerpunkte\/\" data-type=\"page\" data-id=\"34\"><mark style=\"background-color:rgba(0, 0, 0, 0)\" class=\"has-inline-color has-custom-farbe-dunkelrot-color\">Schwerpunkte <\/mark><\/a><\/strong>sind:<\/p>\n\n\n\n<ul class=\"wp-block-list\">\n<li><a href=\"https:\/\/chirurgie-satzinger.at\/index.php\/schwerpunkte\/#coloproktologie\"><strong>Coloproktologie<\/strong><\/a><mark style=\"background-color:rgba(0, 0, 0, 0);color:#e60606\" class=\"has-inline-color\"> <\/mark>(Erkrankungen des Dick- und Enddarms)<\/li>\n\n\n\n<li><strong><mark style=\"background-color:rgba(0, 0, 0, 0)\" class=\"has-inline-color has-custom-farbe-dunkelrot-color\"><a href=\"https:\/\/chirurgie-satzinger.at\/index.php\/schwerpunkte\/#rektosksopie\">Rekt<\/a><a href=\"https:\/\/chirurgie-satzinger.at\/index.php\/schwerpunkte\/#rektoskopie\">o<\/a><a href=\"https:\/\/chirurgie-satzinger.at\/index.php\/schwerpunkte\/#rektosksopie\">skopie<\/a><\/mark><\/strong><\/li>\n\n\n\n<li>Hochaufl\u00f6sende <mark style=\"background-color:rgba(0, 0, 0, 0);color:#e60606\" class=\"has-inline-color\"><strong><a href=\"https:\/\/chirurgie-satzinger.at\/index.php\/schwerpunkte\/#anoskopie\">Anoskopie<\/a><\/strong><\/mark><\/li>\n\n\n\n<li><strong><mark style=\"background-color:rgba(0, 0, 0, 0);color:#e60606\" class=\"has-inline-color\"><a href=\"https:\/\/chirurgie-satzinger.at\/index.php\/schwerpunkte\/#obererverdauungstrakt\">Oberer Verdauungstrakt<\/a><\/mark><\/strong> (\u00d6sophagus, Magen,&#8230;)<\/li>\n\n\n\n<li><strong><mark style=\"background-color:rgba(0, 0, 0, 0);color:#e60606\" class=\"has-inline-color\"><a href=\"https:\/\/chirurgie-satzinger.at\/index.php\/schwerpunkte\/#kleinchirurgisches\">klein-chirurgische Eingriffe<\/a><\/mark><\/strong><\/li>\n\n\n\n<li>&#8230; und eben <strong><mark style=\"background-color:rgba(0, 0, 0, 0);color:#e60606\" class=\"has-inline-color\"><a href=\"https:\/\/chirurgie-satzinger.at\/index.php\/information\/#wahlarzt\">Zeit f\u00fcr meine Patienten<\/a><\/mark><\/strong><sup data-fn=\"3de04f8e-784e-4208-98e1-4f31f664e0a9\" class=\"fn\"><a href=\"#3de04f8e-784e-4208-98e1-4f31f664e0a9\" id=\"3de04f8e-784e-4208-98e1-4f31f664e0a9-link\">1<\/a><\/sup><\/li>\n<\/ul>\n\n\n\n<p>F\u00fcr Operationen stehe ich meinen Patienten in der <a href=\"https:\/\/www.privatklinik-goldenes-kreuz.at\/de\/\" target=\"_blank\" rel=\"noreferrer noopener\"><mark style=\"background-color:rgba(0, 0, 0, 0)\" class=\"has-inline-color has-custom-farbe-rot-color\">Privatklinik Goldenes Kreuz<\/mark><\/a> zur Verf\u00fcgung.<\/p>\n<\/div>\n\n\n\n<div class=\"wp-block-column is-layout-flow wp-block-column-is-layout-flow\" style=\"flex-basis:33.33%\">\n<figure class=\"wp-block-image size-full is-resized\"><img loading=\"lazy\" decoding=\"async\" width=\"217\" height=\"448\" src=\"https:\/\/chirurgie-satzinger.at\/wp-content\/uploads\/2024\/05\/us_web.jpg\" alt=\"\" class=\"wp-image-54\" style=\"width:176px;height:auto\"\/><figcaption class=\"wp-element-caption\">Dr. Ulrike Satzinger mit Ordinations-Maskottchen <br>Bella-Mama<\/figcaption><\/figure>\n<\/div>\n<\/div>\n\n\n<ol class=\"wp-block-footnotes\"><li id=\"3de04f8e-784e-4208-98e1-4f31f664e0a9\">Im Hinblick auf die bessere Lesbarkeit erlaube ich mir, auf das politisch korrekte Gendern zu verzichten, und betone ausdr\u00fccklich, dass mit der verwendeten Form alle Menschen angesprochen werden, egal zu welchem Geschlecht sie sich zugeh\u00f6rig f\u00fchlen.  <a href=\"#3de04f8e-784e-4208-98e1-4f31f664e0a9-link\" aria-label=\"Zur Fu\u00dfnotenreferenz 1 navigieren\">\u21a9\ufe0e<\/a><\/li><\/ol>","protected":false},"excerpt":{"rendered":"<p>Ein herzliches Willkommen in meiner Wahlarzt-Ordination ! Viele Menschen mit Problemen ihrer \u201eKehrseite\u201c scheuen sich, einen Arzt aufzusuchen.F\u00fcr mich geh\u00f6rt die Besch\u00e4ftigung mit eben diesen \u201eKehrseiten\u201c schon seit mehr als drei Jahrzehnten zu meinem t\u00e4glichen Brot.Und ich nehme mir gerne Zeit &#8211; auch f\u00fcr Sie. Allgemeine Informationen zu meiner Ordination finden Sie hier. Meine Schwerpunkte [&hellip;]<\/p>\n","protected":false},"author":1,"featured_media":0,"parent":0,"menu_order":0,"comment_status":"closed","ping_status":"closed","template":"","meta":{"footnotes":"[{\"content\":\"Im Hinblick auf die bessere Lesbarkeit erlaube ich mir, auf das politisch korrekte Gendern zu verzichten, und betone ausdr\u00fccklich, dass mit der verwendeten Form alle Menschen angesprochen werden, egal zu welchem Geschlecht sie sich zugeh\u00f6rig f\u00fchlen. \",\"id\":\"3de04f8e-784e-4208-98e1-4f31f664e0a9\"}]"},"class_list":["post-30","page","type-page","status-publish","hentry"],"_links":{"self":[{"href":"https:\/\/chirurgie-satzinger.at\/index.php\/wp-json\/wp\/v2\/pages\/30","targetHints":{"allow":["GET"]}}],"collection":[{"href":"https:\/\/chirurgie-satzinger.at\/index.php\/wp-json\/wp\/v2\/pages"}],"about":[{"href":"https:\/\/chirurgie-satzinger.at\/index.php\/wp-json\/wp\/v2\/types\/page"}],"author":[{"embeddable":true,"href":"https:\/\/chirurgie-satzinger.at\/index.php\/wp-json\/wp\/v2\/users\/1"}],"replies":[{"embeddable":true,"href":"https:\/\/chirurgie-satzinger.at\/index.php\/wp-json\/wp\/v2\/comments?post=30"}],"version-history":[{"count":35,"href":"https:\/\/chirurgie-satzinger.at\/index.php\/wp-json\/wp\/v2\/pages\/30\/revisions"}],"predecessor-version":[{"id":330,"href":"https:\/\/chirurgie-satzinger.at\/index.php\/wp-json\/wp\/v2\/pages\/30\/revisions\/330"}],"wp:attachment":[{"href":"https:\/\/chirurgie-satzinger.at\/index.php\/wp-json\/wp\/v2\/media?parent=30"}],"curies":[{"name":"wp","href":"https:\/\/api.w.org\/{rel}","templated":true}]}}