{"id":36,"date":"2024-05-01T16:04:41","date_gmt":"2024-05-01T14:04:41","guid":{"rendered":"https:\/\/chirurgie-satzinger.at\/?page_id=36"},"modified":"2024-05-16T14:19:44","modified_gmt":"2024-05-16T12:19:44","slug":"ueber-uns","status":"publish","type":"page","link":"https:\/\/chirurgie-satzinger.at\/index.php\/ueber-uns\/","title":{"rendered":"\u00fcber uns"},"content":{"rendered":"\n<div class=\"wp-block-columns is-layout-flex wp-container-core-columns-is-layout-28f84493 wp-block-columns-is-layout-flex\">\n<div class=\"wp-block-column is-layout-flow wp-block-column-is-layout-flow\" style=\"flex-basis:33.33%\">\n<h4 class=\"wp-block-heading\"><mark style=\"background-color:rgba(0, 0, 0, 0)\" class=\"has-inline-color has-custom-farbe-dunkelrot-color\">Unsere Ordination&#8230;<\/mark><\/h4>\n\n\n\n<p>\u2026 besteht seit dem Jahre 2007 und befindet sich seit 2013 am jetzigen Standort.<\/p>\n<\/div>\n\n\n\n<div class=\"wp-block-column is-layout-flow wp-block-column-is-layout-flow\" style=\"flex-basis:66.66%\">\n<figure class=\"wp-block-image size-full is-resized\"><img loading=\"lazy\" decoding=\"async\" width=\"448\" height=\"218\" src=\"https:\/\/chirurgie-satzinger.at\/wp-content\/uploads\/2024\/05\/unters_web.jpg\" alt=\"\" class=\"wp-image-109\" style=\"width:378px;height:auto\"\/><\/figure>\n<\/div>\n<\/div>\n\n\n\n<p>Sie ist selbstverst\u00e4ndlich qualit\u00e4tszertifiziert, barrierefrei mit Lift erreichbar und umfasst:<\/p>\n\n\n\n<ul class=\"wp-block-list\">\n<li>einen Ordinationsraum f\u00fcr Gespr\u00e4che, Erstuntersuchungen, Rektoskopie und Anoskopie,<\/li>\n\n\n\n<li>den Eingriffsraum f\u00fcr kleinchirurgeische Operationen, mit modernsten Ger\u00e4ten zur Endoskopie<\/li>\n\n\n\n<li>und das Wartezimmer mit Aufwachbereich zur Erholung nach Eingriffen.<\/li>\n<\/ul>\n\n\n\n<p>Betreut werden unsere Patienten von Dr. Ulrike Satzinger und ihrem Team.<\/p>\n\n\n\n<h4 class=\"wp-block-heading\"><mark style=\"background-color:rgba(0, 0, 0, 0)\" class=\"has-inline-color has-custom-farbe-dunkelrot-color\">Einige Kommentare unserer Patienten<\/mark><\/h4>\n\n\n\n<p class=\"has-text-align-center\">Medizin auf h\u00f6chstem Niveau! Vielen Dank an Fr. Dr. Satzinger und ihr tolles Team f\u00fcr die hochkompetente und empathische Behandlung! Eine Betreuung und Begleitung, die weit \u00fcber \u201edas \u00dcbliche\u201c hinausgeht und ein Gef\u00fchl von Sicherheit vermittelt. Absolut zu empfehlen!!<br>&#8211; <em>B.K.<\/em> &#8211;<\/p>\n\n\n\n<hr class=\"wp-block-separator has-alpha-channel-opacity\"\/>\n\n\n\n<p class=\"has-text-align-center\">Das Team Satzinger ist perfekt eingespielt, herzlich und fachlich h\u00f6chst kompetent. Von rascher Terminvergabe bis hin zu engmaschiger Kontrolle hat alles fantastisch geklappt. Ich habe mich au\u00dferordentlich wohl gef\u00fchlt!! Werde ich sehr gerne weiterempfehlen!! Danke f\u00fcr alles!!<br>&#8211; <em>B.P.<\/em> &#8211;<\/p>\n\n\n\n<hr class=\"wp-block-separator has-alpha-channel-opacity\"\/>\n\n\n\n<p class=\"has-text-align-center\">Hervorragende \u00c4rztin! Ich war sehr traurig, als sie das KH Hietzing verlassen hat und ich mir dann f\u00fcr meine Folge-Kontroll-Koloskopien einen Kassenarzt suchen musste. Privat-Ordi kann ich mir leider aus finanziellen Gr\u00fcnden nicht leisten.<br><em>&#8211; I.R. &#8211;<\/em><\/p>\n\n\n\n<p><em><strong>Antwort:<\/strong> Liebe Frau R., als Wahl\u00e4rztin schreibe ich eine Honorarnote, gerade bei Endoskopien bekommen meine Patienten bei den kleinen Kassen fast alles, bei der \u00d6GK einen gro\u00dfen Anteil refundiert. W\u00fcrde mich freuen, Sie als Patientin in meiner Ordination begr\u00fc\u00dfen zu d\u00fcrfen. Liebe Gr\u00fc\u00dfe Ulli Satzinger<\/em><\/p>\n\n\n\n<hr class=\"wp-block-separator has-alpha-channel-opacity\"\/>\n\n\n\n<p class=\"has-text-align-center\">Meine Eltern Franziska und Leopold k\u00f6nnen seit l\u00e4ngerer Zeit nur das Beste von Fr. Dr. Ulrike Satzinger berichten. Besonders hervorzuheben ist die au\u00dferordentliche fachliche Kompetenz, die verst\u00e4ndnisvolle Beratung und die sehr angenehme Atmosph\u00e4re in der Ordination. Pers\u00f6nlich strahlt Frau Dr. Satzinger ein hohes Ma\u00df an Sympathie aus, meine Eltern k\u00f6nnen sich in jeder Hinsicht zu 100% auf sie verlassen.<br><em>&#8211; G.G. &#8211;<\/em><\/p>\n\n\n\n<hr class=\"wp-block-separator has-alpha-channel-opacity\"\/>\n\n\n\n<p class=\"has-text-align-center\">Eine wunderbar tolle und nette \u00c4rztin. Sie hatte Gott sei Dank noch einen Termin am selben Tag frei und konnte mir weiterhelfen. Sehr kompetent und einf\u00fchlsam, und ihr Kollege am Empfang war auch sehr nett. Alles in allem ein gro\u00dfartiges Team. Wenn man einen Spezialisten bzw. eine Spezialistin f\u00fcr den intimsten Bereich ben\u00f6tigt, ist man dort sehr gut aufgehoben \ud83d\ude42<br><em>&#8211; R.H. &#8211;<\/em><\/p>\n\n\n\n<hr class=\"wp-block-separator has-alpha-channel-opacity\"\/>\n\n\n\n<p class=\"has-text-align-center\">Ich verdanke Frau Dr. Satzinger mein leben. Sie hat mein Kampf mit dem Krebs, mit mir gek\u00e4mpft, und der war ziemlich lang. Mit ihren Wissen, Kompetenz und herzliche Art hat sie fast unm\u00f6gliches m\u00f6glich gemacht. Ohne sie h\u00e4tte ich es nie geschafft. Danke \u2026<br><em>&#8211; D.M. &#8211;<\/em><\/p>\n\n\n\n<hr class=\"wp-block-separator has-alpha-channel-opacity\"\/>\n\n\n\n<p class=\"has-text-align-center\">Dr.in, die immer dann sehr zu empfehlen ist, wenn es Probleme mit dem &#8222;Popsch&#8220; gibt. Super netter Umgang mit den PatientInnen, sowohl das Team als auch die Frau Dr.in. Ordination bietet Gastro- und Koloskopie, wobei darauf geachtet wird, dass dies mit m\u00f6glichst gro\u00dfer Empathie der PatientInnen gegen\u00fcber vonstatten geht. Postoperative Kommunikation und Betreuung sind ebenfalls hervorzuheben. Nochmals DANKE an das gesamte Team<br><em>&#8211; T.H. &#8211;<\/em><\/p>\n\n\n\n<hr class=\"wp-block-separator has-alpha-channel-opacity\"\/>\n\n\n\n<p class=\"has-text-align-center\">Dr. Satzinger ist eine gro\u00dfartige \u00c4rztin, \u00e4u\u00dferst kompetent und dabei so menschlich. Top Empfehlung!<br><em>&#8211; C.S. &#8211;<\/em><\/p>\n\n\n\n<hr class=\"wp-block-separator has-alpha-channel-opacity\"\/>\n\n\n\n<p class=\"has-text-align-center\">Sehr nett, freundlich. Alles genau erkl\u00e4rt. Einf\u00fchlsam und man hat ein gutes Gef\u00fchl. Sehr nette, entspannte Atmosph\u00e4re.<br><em>&#8211; K.B. &#8211;<\/em><\/p>\n\n\n\n<hr class=\"wp-block-separator has-alpha-channel-opacity\"\/>\n\n\n\n<p class=\"has-text-align-center\">freundlich, kompetent, Mut machend. Ganz unkompliziert auch mit Kindern. Sehr empfehlenswert.<br><em>&#8211; H.K. &#8211;<\/em><\/p>\n\n\n\n<hr class=\"wp-block-separator has-alpha-channel-opacity\"\/>\n\n\n\n<p class=\"has-text-align-center\">Kompetent und freundlich, wurde in Lainz von ihr operiert! gut gelaufen! danke<br><em>&#8211; M.W. &#8211;<\/em><\/p>\n\n\n\n<hr class=\"wp-block-separator has-alpha-channel-opacity\"\/>\n\n\n\n<p class=\"has-text-align-center\">Tolles Team, super Betreuung und Komfort!<br><em>&#8211; G.G. &#8211;<\/em><\/p>\n\n\n\n<hr class=\"wp-block-separator has-alpha-channel-opacity\"\/>\n\n\n\n<p class=\"has-text-align-center\">Sehr freundliche Chirurgin und sehr genau<br><em>&#8211; H.V. &#8211;<\/em><\/p>\n\n\n\n<hr class=\"wp-block-separator has-alpha-channel-opacity\"\/>\n\n\n\n<p class=\"has-text-align-center\">Kompetentes, sehr freundliches Team<br>&#8211; N.N. &#8211;<\/p>\n\n\n\n<p class=\"has-text-align-right\"><a href=\"#top\">nach oben<\/a><\/p>\n","protected":false},"excerpt":{"rendered":"<p>Unsere Ordination&#8230; \u2026 besteht seit dem Jahre 2007 und befindet sich seit 2013 am jetzigen Standort. Sie ist selbstverst\u00e4ndlich qualit\u00e4tszertifiziert, barrierefrei mit Lift erreichbar und umfasst: Betreut werden unsere Patienten von Dr. Ulrike Satzinger und ihrem Team. Einige Kommentare unserer Patienten Medizin auf h\u00f6chstem Niveau! Vielen Dank an Fr. Dr. Satzinger und ihr tolles Team [&hellip;]<\/p>\n","protected":false},"author":1,"featured_media":0,"parent":0,"menu_order":2,"comment_status":"closed","ping_status":"closed","template":"","meta":{"footnotes":""},"class_list":["post-36","page","type-page","status-publish","hentry"],"_links":{"self":[{"href":"https:\/\/chirurgie-satzinger.at\/index.php\/wp-json\/wp\/v2\/pages\/36","targetHints":{"allow":["GET"]}}],"collection":[{"href":"https:\/\/chirurgie-satzinger.at\/index.php\/wp-json\/wp\/v2\/pages"}],"about":[{"href":"https:\/\/chirurgie-satzinger.at\/index.php\/wp-json\/wp\/v2\/types\/page"}],"author":[{"embeddable":true,"href":"https:\/\/chirurgie-satzinger.at\/index.php\/wp-json\/wp\/v2\/users\/1"}],"replies":[{"embeddable":true,"href":"https:\/\/chirurgie-satzinger.at\/index.php\/wp-json\/wp\/v2\/comments?post=36"}],"version-history":[{"count":10,"href":"https:\/\/chirurgie-satzinger.at\/index.php\/wp-json\/wp\/v2\/pages\/36\/revisions"}],"predecessor-version":[{"id":308,"href":"https:\/\/chirurgie-satzinger.at\/index.php\/wp-json\/wp\/v2\/pages\/36\/revisions\/308"}],"wp:attachment":[{"href":"https:\/\/chirurgie-satzinger.at\/index.php\/wp-json\/wp\/v2\/media?parent=36"}],"curies":[{"name":"wp","href":"https:\/\/api.w.org\/{rel}","templated":true}]}}