{"id":40,"date":"2024-05-01T16:05:53","date_gmt":"2024-05-01T14:05:53","guid":{"rendered":"https:\/\/chirurgie-satzinger.at\/?page_id=40"},"modified":"2024-05-15T21:50:34","modified_gmt":"2024-05-15T19:50:34","slug":"kontakt","status":"publish","type":"page","link":"https:\/\/chirurgie-satzinger.at\/index.php\/kontakt\/","title":{"rendered":"Kontakt"},"content":{"rendered":"\n<p><strong>Adresse<\/strong><br>    1230 Wien, Endresstra\u00dfe 118 \/ 9<\/p>\n\n\n\n<p><strong>Telefon<\/strong><br>    <a href=\"tel:00436763038032\">+43 \/ 676 \/ 30 38 032<\/a><\/p>\n\n\n\n<p><strong>Fax <\/strong><br>   +43 \/ 1 \/ 886 29 67<\/p>\n\n\n\n<p><strong>E-Mail <\/strong><br>   <a href=\"mailto:ordi.satzinger01@gmx.at\" target=\"_blank\" rel=\"noreferrer noopener\">ordi.satzinger01@gmx.at<\/a><\/p>\n\n\n\n<p><strong>Ordinationszeiten<\/strong><br>   Montag, Dienstag:   12 &#8211; 19 Uhr<br>   Samstag:   8 &#8211; 17 Uhr (nur Endoskopien)<\/p>\n\n\n\n<p><strong>Lageplan und Anfahrt<\/strong><\/p>\n\n\n\n<p class=\"has-text-align-center\"><iframe loading=\"lazy\" src=\"https:\/\/www.google.com\/maps\/embed?pb=!1m14!1m8!1m3!1d2661.823753431658!2d16.263533872700055!3d48.15220298268681!3m2!1i1024!2i768!4f13.1!3m3!1m2!1s0x476da6399fae8c9b%3A0x4c45ecb338919395!2sEndresstra%C3%9Fe%20118%2C%201230%20Wien!5e0!3m2!1sde!2sat!4v1572364544948!5m2!1sde!2sat\" width=\"500\" height=\"400\" frameborder=\"0\" style=\"border:0;\" allowfullscreen=\"\"><\/iframe><\/p>\n\n\n\n<figure class=\"wp-block-table\"><table><tbody><tr><td>\u00f6ffentlich<\/td><td>Stra\u00dfenbahn 60 | Haltestelle Maurer Hauptplatz<br>&#8211; von hier ca. 5 Min. zu Fu\u00df (\u00fcber den Maurer Hauptplatz an der Post vorbei)<br>Buslinien 56A u. 60A | Haltestelle Gebirgsgasse (ehem. Valentingasse) &#8211; von hier 1 Min. zu Fu\u00df<\/td><\/tr><tr><td>mit dem Auto<\/td><td>200 m stadtausw\u00e4rts vom Maurer Hauptplatz<br>Achtung: Kurzparkzone (Mo-Fr 09:00 &#8211; 22:00 Uhr)<\/td><\/tr><\/tbody><\/table><\/figure>\n\n\n\n<p><a href=\"https:\/\/www.bing.com\/maps?osid=9afd0ba2-9935-4e64-91fd-bcb1485de15e&amp;cp=48.151915~16.259336&amp;lvl=16&amp;pi=0&amp;v=2&amp;sV=2&amp;form=S00027\" target=\"_blank\" rel=\"noreferrer noopener\">alternativer Lageplan<\/a><\/p>\n","protected":false},"excerpt":{"rendered":"<p>Adresse 1230 Wien, Endresstra\u00dfe 118 \/ 9 Telefon +43 \/ 676 \/ 30 38 032 Fax +43 \/ 1 \/ 886 29 67 E-Mail ordi.satzinger01@gmx.at Ordinationszeiten Montag, Dienstag: 12 &#8211; 19 Uhr Samstag: 8 &#8211; 17 Uhr (nur Endoskopien) Lageplan und Anfahrt \u00f6ffentlich Stra\u00dfenbahn 60 | Haltestelle Maurer Hauptplatz&#8211; von hier ca. 5 Min. zu [&hellip;]<\/p>\n","protected":false},"author":1,"featured_media":0,"parent":0,"menu_order":5,"comment_status":"closed","ping_status":"closed","template":"","meta":{"footnotes":""},"class_list":["post-40","page","type-page","status-publish","hentry"],"_links":{"self":[{"href":"https:\/\/chirurgie-satzinger.at\/index.php\/wp-json\/wp\/v2\/pages\/40","targetHints":{"allow":["GET"]}}],"collection":[{"href":"https:\/\/chirurgie-satzinger.at\/index.php\/wp-json\/wp\/v2\/pages"}],"about":[{"href":"https:\/\/chirurgie-satzinger.at\/index.php\/wp-json\/wp\/v2\/types\/page"}],"author":[{"embeddable":true,"href":"https:\/\/chirurgie-satzinger.at\/index.php\/wp-json\/wp\/v2\/users\/1"}],"replies":[{"embeddable":true,"href":"https:\/\/chirurgie-satzinger.at\/index.php\/wp-json\/wp\/v2\/comments?post=40"}],"version-history":[{"count":9,"href":"https:\/\/chirurgie-satzinger.at\/index.php\/wp-json\/wp\/v2\/pages\/40\/revisions"}],"predecessor-version":[{"id":287,"href":"https:\/\/chirurgie-satzinger.at\/index.php\/wp-json\/wp\/v2\/pages\/40\/revisions\/287"}],"wp:attachment":[{"href":"https:\/\/chirurgie-satzinger.at\/index.php\/wp-json\/wp\/v2\/media?parent=40"}],"curies":[{"name":"wp","href":"https:\/\/api.w.org\/{rel}","templated":true}]}}